{"id":10053,"date":"2024-05-21T16:00:46","date_gmt":"2024-05-21T16:00:03","guid":{"rendered":"https:\/\/www.stefanofaita.com\/?post_type=product&#038;p=10053"},"modified":"2024-06-27T17:06:37","modified_gmt":"2024-06-27T17:06:37","slug":"chocolate-hazelnut","status":"publish","type":"product","link":"https:\/\/www.stefanofaita.com\/en\/products\/gelato-en\/chocolate-hazelnut\/","title":{"rendered":"Chocolate Hazelnut"},"content":{"rendered":"","protected":false},"excerpt":{"rendered":"<p>The chocolate and hazelnut combo has earned a place in the ice cream hall of fame, and rightly so. The inseparable duo inspired us to create the indulgent Stefano Chocolate-Hazelnut gelato: a decadent frozen treat with silky swirls of chocolate and hazelnut cream, and satisfying chunks of rich dark chocolate. This is a premium gelato, made locally, using a traditional, artisanal, Italian method. Put simply, it\u2019s the best of both worlds!<\/p>\n<p>Stefano Chocolate-Hazelnut gelato is proudly prepared in Canada with Canadian dairy. It is also made with no artificial flavour or colour and is certified kosher. Buon appetito!<\/p>\n","protected":false},"featured_media":10293,"comment_status":"closed","ping_status":"closed","template":"","meta":{"_acf_changed":false},"product_specificities":[],"product_badges":[68,430,431],"product_brand":[],"product_cat":[429],"product_tag":[],"class_list":{"0":"post-10053","1":"product","2":"type-product","3":"status-publish","4":"has-post-thumbnail","6":"product_badges-aliment-quebec","7":"product_badges-kasher","8":"product_badges-lait-de-qualite","9":"product_cat-gelato-en","11":"first","12":"outofstock","13":"taxable","14":"shipping-taxable","15":"product-type-simple"},"acf":[],"yoast_head":"<!-- This site is optimized with the Yoast SEO plugin v27.0 - https:\/\/yoast.com\/product\/yoast-seo-wordpress\/ -->\n<title>Chocolate Hazelnut - Stefano Faita<\/title>\n<meta name=\"description\" content=\"Stefano Chocolate-Hazelnut gelato: a decadent frozen treat with silky swirls of chocolate and hazelnut cream, and satisfying chunks of rich dark chocolate.\" \/>\n<meta name=\"robots\" content=\"index, follow, max-snippet:-1, max-image-preview:large, max-video-preview:-1\" \/>\n<link rel=\"canonical\" href=\"https:\/\/www.stefanofaita.com\/en\/products\/gelato-en\/chocolate-hazelnut\/\" \/>\n<meta property=\"og:locale\" content=\"en_US\" \/>\n<meta property=\"og:type\" content=\"article\" \/>\n<meta property=\"og:title\" content=\"Chocolate Hazelnut - Stefano Faita\" \/>\n<meta property=\"og:description\" content=\"Stefano Chocolate-Hazelnut gelato: a decadent frozen treat with silky swirls of chocolate and hazelnut cream, and satisfying chunks of rich dark chocolate.\" \/>\n<meta property=\"og:url\" content=\"https:\/\/www.stefanofaita.com\/en\/products\/gelato-en\/chocolate-hazelnut\/\" \/>\n<meta property=\"og:site_name\" content=\"Stefano Faita\" \/>\n<meta property=\"article:modified_time\" content=\"2024-06-27T17:06:37+00:00\" \/>\n<meta property=\"og:image\" content=\"https:\/\/www.stefanofaita.com\/wp-content\/uploads\/2024\/06\/Stefano-Faita_Gelato-chocolat-noisettes_sans-fond.jpg\" \/>\n\t<meta property=\"og:image:width\" content=\"1078\" \/>\n\t<meta property=\"og:image:height\" content=\"1348\" \/>\n\t<meta property=\"og:image:type\" content=\"image\/jpeg\" \/>\n<meta name=\"twitter:card\" content=\"summary_large_image\" \/>\n<meta name=\"twitter:label1\" content=\"Est. reading time\" \/>\n\t<meta name=\"twitter:data1\" content=\"1 minute\" \/>\n<!-- \/ Yoast SEO plugin. -->","yoast_head_json":{"title":"Chocolate Hazelnut - Stefano Faita","description":"Stefano Chocolate-Hazelnut gelato: a decadent frozen treat with silky swirls of chocolate and hazelnut cream, and satisfying chunks of rich dark chocolate.","robots":{"index":"index","follow":"follow","max-snippet":"max-snippet:-1","max-image-preview":"max-image-preview:large","max-video-preview":"max-video-preview:-1"},"canonical":"https:\/\/www.stefanofaita.com\/en\/products\/gelato-en\/chocolate-hazelnut\/","og_locale":"en_US","og_type":"article","og_title":"Chocolate Hazelnut - Stefano Faita","og_description":"Stefano Chocolate-Hazelnut gelato: a decadent frozen treat with silky swirls of chocolate and hazelnut cream, and satisfying chunks of rich dark chocolate.","og_url":"https:\/\/www.stefanofaita.com\/en\/products\/gelato-en\/chocolate-hazelnut\/","og_site_name":"Stefano Faita","article_modified_time":"2024-06-27T17:06:37+00:00","og_image":[{"width":1078,"height":1348,"url":"https:\/\/www.stefanofaita.com\/wp-content\/uploads\/2024\/06\/Stefano-Faita_Gelato-chocolat-noisettes_sans-fond.jpg","type":"image\/jpeg"}],"twitter_card":"summary_large_image","twitter_misc":{"Est. reading time":"1 minute"},"schema":{"@context":"https:\/\/schema.org","@graph":[{"@type":"WebPage","@id":"https:\/\/www.stefanofaita.com\/en\/products\/gelato-en\/chocolate-hazelnut\/","url":"https:\/\/www.stefanofaita.com\/en\/products\/gelato-en\/chocolate-hazelnut\/","name":"Chocolate Hazelnut - Stefano Faita","isPartOf":{"@id":"https:\/\/www.stefanofaita.com\/#website"},"primaryImageOfPage":{"@id":"https:\/\/www.stefanofaita.com\/en\/products\/gelato-en\/chocolate-hazelnut\/#primaryimage"},"image":{"@id":"https:\/\/www.stefanofaita.com\/en\/products\/gelato-en\/chocolate-hazelnut\/#primaryimage"},"thumbnailUrl":"https:\/\/www.stefanofaita.com\/wp-content\/uploads\/2024\/06\/Stefano-Faita_Gelato-chocolat-noisettes_sans-fond.jpg","datePublished":"2024-05-21T16:00:03+00:00","dateModified":"2024-06-27T17:06:37+00:00","description":"Stefano Chocolate-Hazelnut gelato: a decadent frozen treat with silky swirls of chocolate and hazelnut cream, and satisfying chunks of rich dark chocolate.","breadcrumb":{"@id":"https:\/\/www.stefanofaita.com\/en\/products\/gelato-en\/chocolate-hazelnut\/#breadcrumb"},"inLanguage":"en-US","potentialAction":[{"@type":"ReadAction","target":["https:\/\/www.stefanofaita.com\/en\/products\/gelato-en\/chocolate-hazelnut\/"]}]},{"@type":"ImageObject","inLanguage":"en-US","@id":"https:\/\/www.stefanofaita.com\/en\/products\/gelato-en\/chocolate-hazelnut\/#primaryimage","url":"https:\/\/www.stefanofaita.com\/wp-content\/uploads\/2024\/06\/Stefano-Faita_Gelato-chocolat-noisettes_sans-fond.jpg","contentUrl":"https:\/\/www.stefanofaita.com\/wp-content\/uploads\/2024\/06\/Stefano-Faita_Gelato-chocolat-noisettes_sans-fond.jpg","width":1078,"height":1348,"caption":"Les gelatos Stefano sont fi\u00e8rement pr\u00e9par\u00e9s au Qu\u00e9bec avec des produits laitiers canadiens. Sans ar\u00f4mes ou couleurs artificiels, ils sont aussi certifi\u00e9s kasher. Buon appetito!"},{"@type":"BreadcrumbList","@id":"https:\/\/www.stefanofaita.com\/en\/products\/gelato-en\/chocolate-hazelnut\/#breadcrumb","itemListElement":[{"@type":"ListItem","position":1,"name":"Accueil","item":"https:\/\/www.stefanofaita.com\/en\/"},{"@type":"ListItem","position":2,"name":"Products","item":"https:\/\/www.stefanofaita.com\/en\/products\/"},{"@type":"ListItem","position":3,"name":"Chocolate Hazelnut"}]},{"@type":"WebSite","@id":"https:\/\/www.stefanofaita.com\/#website","url":"https:\/\/www.stefanofaita.com\/","name":"Stefano Faita","description":"Official website","publisher":{"@id":"https:\/\/www.stefanofaita.com\/#organization"},"potentialAction":[{"@type":"SearchAction","target":{"@type":"EntryPoint","urlTemplate":"https:\/\/www.stefanofaita.com\/?s={search_term_string}"},"query-input":{"@type":"PropertyValueSpecification","valueRequired":true,"valueName":"search_term_string"}}],"inLanguage":"en-US"},{"@type":"Organization","@id":"https:\/\/www.stefanofaita.com\/#organization","name":"Stefano Faita","url":"https:\/\/www.stefanofaita.com\/","logo":{"@type":"ImageObject","inLanguage":"en-US","@id":"https:\/\/www.stefanofaita.com\/#\/schema\/logo\/image\/","url":"https:\/\/www.stefanofaita.com\/wp-content\/uploads\/2022\/04\/stefano-faita.png","contentUrl":"https:\/\/www.stefanofaita.com\/wp-content\/uploads\/2022\/04\/stefano-faita.png","width":501,"height":294,"caption":"Stefano Faita"},"image":{"@id":"https:\/\/www.stefanofaita.com\/#\/schema\/logo\/image\/"}}]}},"_links":{"self":[{"href":"https:\/\/www.stefanofaita.com\/en\/wp-json\/wp\/v2\/product\/10053","targetHints":{"allow":["GET"]}}],"collection":[{"href":"https:\/\/www.stefanofaita.com\/en\/wp-json\/wp\/v2\/product"}],"about":[{"href":"https:\/\/www.stefanofaita.com\/en\/wp-json\/wp\/v2\/types\/product"}],"replies":[{"embeddable":true,"href":"https:\/\/www.stefanofaita.com\/en\/wp-json\/wp\/v2\/comments?post=10053"}],"wp:featuredmedia":[{"embeddable":true,"href":"https:\/\/www.stefanofaita.com\/en\/wp-json\/wp\/v2\/media\/10293"}],"wp:attachment":[{"href":"https:\/\/www.stefanofaita.com\/en\/wp-json\/wp\/v2\/media?parent=10053"}],"wp:term":[{"taxonomy":"product_specificities","embeddable":true,"href":"https:\/\/www.stefanofaita.com\/en\/wp-json\/wp\/v2\/product_specificities?post=10053"},{"taxonomy":"product_badges","embeddable":true,"href":"https:\/\/www.stefanofaita.com\/en\/wp-json\/wp\/v2\/product_badges?post=10053"},{"taxonomy":"product_brand","embeddable":true,"href":"https:\/\/www.stefanofaita.com\/en\/wp-json\/wp\/v2\/product_brand?post=10053"},{"taxonomy":"product_cat","embeddable":true,"href":"https:\/\/www.stefanofaita.com\/en\/wp-json\/wp\/v2\/product_cat?post=10053"},{"taxonomy":"product_tag","embeddable":true,"href":"https:\/\/www.stefanofaita.com\/en\/wp-json\/wp\/v2\/product_tag?post=10053"}],"curies":[{"name":"wp","href":"https:\/\/api.w.org\/{rel}","templated":true}]}}